{"id":9,"date":"2025-03-31T15:09:18","date_gmt":"2025-03-31T18:09:18","guid":{"rendered":"https:\/\/suntower.com.br\/?page_id=9"},"modified":"2025-04-01T11:49:20","modified_gmt":"2025-04-01T14:49:20","slug":"edificio-sun-tower","status":"publish","type":"page","link":"https:\/\/suntower.com.br\/","title":{"rendered":"Edificio Sun Tower"},"content":{"rendered":"\t\t<div data-elementor-type=\"wp-page\" data-elementor-id=\"9\" class=\"elementor elementor-9\" data-elementor-post-type=\"page\">\n\t\t\t\t<div class=\"elementor-element elementor-element-10823b e-grid e-con-full e-con e-parent\" data-id=\"10823b\" data-element_type=\"container\" data-settings=\"{&quot;background_background&quot;:&quot;classic&quot;}\">\n\t\t\t\t<div class=\"elementor-element elementor-element-1af2b5da elementor-hidden-tablet elementor-hidden-mobile elementor-widget elementor-widget-link-in-bio\" data-id=\"1af2b5da\" data-element_type=\"widget\" data-widget_type=\"link-in-bio.default\">\n\t\t\t\t<div class=\"elementor-widget-container\">\n\t\t\t\t\t\t\t<div class=\"e-link-in-bio e-link-in-bio\">\n\t\t\t<div class=\"e-link-in-bio__content\">\n\n\t\t\t\t\t\t\t<div class=\"e-link-in-bio__bio\">\n\t\t\t\t<h1 class=\"e-link-in-bio__heading\">Edif\u00edcio Sun Tower<\/h1>\t\t\t\t<h2 class=\"e-link-in-bio__title\">Estamos construindo algo incr\u00edvel! \n\nVolte em breve para\u00a0ver\u00a0a\u00a0novidade.<\/h2>\t\t\t\t\t\t\t\t<p class=\"e-link-in-bio__description\">Av. Salm\u00e3o, 663 - Parque Residencial Aquarius - CEP 12243-260 - S\u00e3o Jos\u00e9\u00a0dos\u00a0Campos\u00a0-\u00a0SP<\/p>\t\t\t<\/div>\n\t\t\t\t\t<div class=\"e-link-in-bio__icons has-size-medium\">\n\t\t\t\t\t\t\t<div class=\"e-link-in-bio__icon is-size-medium\">\n\t\t\t\t\t<a aria-label=\"Telephone\" class=\"e-link-in-bio__icon-link\" href=\"tel:+551233073055\">\n\t\t\t\t\t\t<span class=\"e-link-in-bio__icon-svg\">\n\t\t\t\t\t\t\t<svg aria-hidden=\"true\" class=\"e-font-icon-svg e-fas-phone-alt\" viewBox=\"0 0 512 512\" xmlns=\"http:\/\/www.w3.org\/2000\/svg\"><path d=\"M497.39 361.8l-112-48a24 24 0 0 0-28 6.9l-49.6 60.6A370.66 370.66 0 0 1 130.6 204.11l60.6-49.6a23.94 23.94 0 0 0 6.9-28l-48-112A24.16 24.16 0 0 0 122.6.61l-104 24A24 24 0 0 0 0 48c0 256.5 207.9 464 464 464a24 24 0 0 0 23.4-18.6l24-104a24.29 24.29 0 0 0-14.01-27.6z\"><\/path><\/svg>\t\t\t\t\t\t<\/span>\n\t\t\t\t\t\t\t\t\t\t\t<\/a>\n\t\t\t\t<\/div>\n\t\t\t\t\t<\/div>\n\t\t\n\t\t<div class=\"e-link-in-bio__ctas has-type-button\">\n\t\t\t\t\t\t\t<a class=\"e-link-in-bio__cta is-type-button has-border has-corners-sharp\" href=\"tel:%20(12)3307-3055\">\n\t\t\t\t\t\t\t\t\t\t<span class=\"e-link-in-bio__cta-text\">\n\t\t\t\t\t\t (12) 3307-3055\t\t\t\t\t<\/span>\n\t\t\t\t<\/a>\n\t\t\t\t\t\t\t<a class=\"e-link-in-bio__cta is-type-button has-border has-corners-sharp\" href=\"mailto:contato@suntower.com.br?subject=Contato%20Site&#038;body=Ol\u00e1%20gostaria%20de%20mais%20informa\u00e7\u00f5es%20sobre,%20\">\n\t\t\t\t\t\t\t\t\t\t<span class=\"e-link-in-bio__cta-text\">\n\t\t\t\t\t\tcontato@suntower.com.br\t\t\t\t\t<\/span>\n\t\t\t\t<\/a>\n\t\t\t\t\t<\/div>\n\t\t\n\t\t\t<\/div>\n\t\t\t<div class=\"e-link-in-bio__bg\">\n\t\t\t\t<div class=\"e-link-in-bio__bg-overlay\"><\/div>\n\t\t\t<\/div>\n\t\t<\/div>\n\t\t\t\t\t\t<\/div>\n\t\t\t\t<\/div>\n\t\t\t\t<div class=\"elementor-element elementor-element-c72944b elementor-hidden-desktop elementor-hidden-tablet elementor-widget elementor-widget-link-in-bio\" data-id=\"c72944b\" data-element_type=\"widget\" data-widget_type=\"link-in-bio.default\">\n\t\t\t\t<div class=\"elementor-widget-container\">\n\t\t\t\t\t\t\t<div class=\"e-link-in-bio e-link-in-bio\">\n\t\t\t<div class=\"e-link-in-bio__content\">\n\n\t\t\t\t\t\t<div class=\"e-link-in-bio__identity\">\n\t\t\t\t\t\t\t\t\t<div class=\"e-link-in-bio__identity-image e-link-in-bio__identity-image-cover\">\n\t\t\t\t\t\t\t<img fetchpriority=\"high\" decoding=\"async\" width=\"300\" height=\"200\" src=\"https:\/\/suntower.com.br\/wp-content\/uploads\/2025\/04\/sala-comercial-a-venda-avenida-salmao-sao-jose-dos-campos-sp-no-bairro-jardim-aquarius-com-garagem-78m2-5aa98486d27dbcafcd55ef63b2854ad3-300x200.png\" class=\"e-link-in-bio__identity-image-element\" alt=\"\" srcset=\"https:\/\/suntower.com.br\/wp-content\/uploads\/2025\/04\/sala-comercial-a-venda-avenida-salmao-sao-jose-dos-campos-sp-no-bairro-jardim-aquarius-com-garagem-78m2-5aa98486d27dbcafcd55ef63b2854ad3-300x200.png 300w, https:\/\/suntower.com.br\/wp-content\/uploads\/2025\/04\/sala-comercial-a-venda-avenida-salmao-sao-jose-dos-campos-sp-no-bairro-jardim-aquarius-com-garagem-78m2-5aa98486d27dbcafcd55ef63b2854ad3-768x512.png 768w, https:\/\/suntower.com.br\/wp-content\/uploads\/2025\/04\/sala-comercial-a-venda-avenida-salmao-sao-jose-dos-campos-sp-no-bairro-jardim-aquarius-com-garagem-78m2-5aa98486d27dbcafcd55ef63b2854ad3.png 1024w\" sizes=\"(max-width: 300px) 100vw, 300px\" \/>\t\t\t\t\t\t\t\t\t\t\t\t\t<\/div>\n\t\t\t\t\t\t\t<\/div>\n\t\t\t\t\t<div class=\"e-link-in-bio__bio\">\n\t\t\t\t<h1 class=\"e-link-in-bio__heading\">Edif\u00edcio Sun Tower<\/h1>\t\t\t\t<h2 class=\"e-link-in-bio__title\">Estamos construindo algo incr\u00edvel! \n\nVolte em breve para\u00a0ver\u00a0a\u00a0novidade.<\/h2>\t\t\t\t\t\t\t\t<p class=\"e-link-in-bio__description\">Av. Salm\u00e3o, 663 - Parque Residencial Aquarius - CEP 12243-260 - S\u00e3o Jos\u00e9\u00a0dos\u00a0Campos\u00a0-\u00a0SP<\/p>\t\t\t<\/div>\n\t\t\t\t\t<div class=\"e-link-in-bio__icons has-size-medium\">\n\t\t\t\t\t\t\t<div class=\"e-link-in-bio__icon is-size-medium\">\n\t\t\t\t\t<a aria-label=\"Telephone\" class=\"e-link-in-bio__icon-link\" href=\"tel:+551233073055\">\n\t\t\t\t\t\t<span class=\"e-link-in-bio__icon-svg\">\n\t\t\t\t\t\t\t<svg aria-hidden=\"true\" class=\"e-font-icon-svg e-fas-phone-alt\" viewBox=\"0 0 512 512\" xmlns=\"http:\/\/www.w3.org\/2000\/svg\"><path d=\"M497.39 361.8l-112-48a24 24 0 0 0-28 6.9l-49.6 60.6A370.66 370.66 0 0 1 130.6 204.11l60.6-49.6a23.94 23.94 0 0 0 6.9-28l-48-112A24.16 24.16 0 0 0 122.6.61l-104 24A24 24 0 0 0 0 48c0 256.5 207.9 464 464 464a24 24 0 0 0 23.4-18.6l24-104a24.29 24.29 0 0 0-14.01-27.6z\"><\/path><\/svg>\t\t\t\t\t\t<\/span>\n\t\t\t\t\t\t\t\t\t\t\t<\/a>\n\t\t\t\t<\/div>\n\t\t\t\t\t<\/div>\n\t\t\n\t\t<div class=\"e-link-in-bio__ctas has-type-button\">\n\t\t\t\t\t\t\t<a class=\"e-link-in-bio__cta is-type-button has-border has-corners-sharp\" href=\"tel:%20(12)3307-3055\">\n\t\t\t\t\t\t\t\t\t\t<span class=\"e-link-in-bio__cta-text\">\n\t\t\t\t\t\t (12)3307-3055\t\t\t\t\t<\/span>\n\t\t\t\t<\/a>\n\t\t\t\t\t\t\t<a class=\"e-link-in-bio__cta is-type-button has-border has-corners-sharp\" href=\"mailto:contato@suntower.com.br?subject=Contato%20Site&#038;body=Ol\u00e1%20gostaria%20de%20mais%20informa\u00e7\u00f5es%20sobre,%20\">\n\t\t\t\t\t\t\t\t\t\t<span class=\"e-link-in-bio__cta-text\">\n\t\t\t\t\t\tcontato@suntower.com.br\t\t\t\t\t<\/span>\n\t\t\t\t<\/a>\n\t\t\t\t\t<\/div>\n\t\t\n\t\t\t<\/div>\n\t\t\t<div class=\"e-link-in-bio__bg\">\n\t\t\t\t<div class=\"e-link-in-bio__bg-overlay\"><\/div>\n\t\t\t<\/div>\n\t\t<\/div>\n\t\t\t\t\t\t<\/div>\n\t\t\t\t<\/div>\n\t\t\t\t<\/div>\n\t\t\t\t<\/div>\n\t\t","protected":false},"excerpt":{"rendered":"<p>Edif\u00edcio Sun Tower Estamos construindo algo incr\u00edvel! Volte em breve para\u00a0ver\u00a0a\u00a0novidade. Av. Salm\u00e3o, 663 &#8211; Parque Residencial Aquarius &#8211; CEP 12243-260 &#8211; S\u00e3o Jos\u00e9\u00a0dos\u00a0Campos\u00a0&#8211;\u00a0SP (12) 3307-3055 contato@suntower.com.br Edif\u00edcio Sun Tower Estamos construindo algo incr\u00edvel! Volte em breve para\u00a0ver\u00a0a\u00a0novidade. Av. Salm\u00e3o, 663 &#8211; Parque Residencial Aquarius &#8211; CEP 12243-260 &#8211; S\u00e3o Jos\u00e9\u00a0dos\u00a0Campos\u00a0&#8211;\u00a0SP (12)3307-3055 contato@suntower.com.br<\/p>\n","protected":false},"author":1,"featured_media":0,"parent":0,"menu_order":0,"comment_status":"closed","ping_status":"closed","template":"elementor_canvas","meta":{"footnotes":""},"class_list":["post-9","page","type-page","status-publish","hentry"],"_links":{"self":[{"href":"https:\/\/suntower.com.br\/index.php?rest_route=\/wp\/v2\/pages\/9","targetHints":{"allow":["GET"]}}],"collection":[{"href":"https:\/\/suntower.com.br\/index.php?rest_route=\/wp\/v2\/pages"}],"about":[{"href":"https:\/\/suntower.com.br\/index.php?rest_route=\/wp\/v2\/types\/page"}],"author":[{"embeddable":true,"href":"https:\/\/suntower.com.br\/index.php?rest_route=\/wp\/v2\/users\/1"}],"replies":[{"embeddable":true,"href":"https:\/\/suntower.com.br\/index.php?rest_route=%2Fwp%2Fv2%2Fcomments&post=9"}],"version-history":[{"count":5,"href":"https:\/\/suntower.com.br\/index.php?rest_route=\/wp\/v2\/pages\/9\/revisions"}],"predecessor-version":[{"id":195,"href":"https:\/\/suntower.com.br\/index.php?rest_route=\/wp\/v2\/pages\/9\/revisions\/195"}],"wp:attachment":[{"href":"https:\/\/suntower.com.br\/index.php?rest_route=%2Fwp%2Fv2%2Fmedia&parent=9"}],"curies":[{"name":"wp","href":"https:\/\/api.w.org\/{rel}","templated":true}]}}